{"id":20,"date":"2021-05-02T22:36:29","date_gmt":"2021-05-02T22:36:29","guid":{"rendered":"https:\/\/jinshing.dk\/?page_id=20"},"modified":"2021-10-11T09:54:08","modified_gmt":"2021-10-11T09:54:08","slug":"about-us","status":"publish","type":"page","link":"https:\/\/jinshing.dk\/index.php\/about-us\/","title":{"rendered":"Om os"},"content":{"rendered":"\t\t<div data-elementor-type=\"wp-page\" data-elementor-id=\"20\" class=\"elementor elementor-20\" data-elementor-settings=\"[]\">\n\t\t\t\t\t\t\t<div class=\"elementor-section-wrap\">\n\t\t\t\t\t\t\t<section class=\"elementor-section elementor-top-section elementor-element elementor-element-1e58607 elementor-section-boxed elementor-section-height-default elementor-section-height-default\" data-id=\"1e58607\" data-element_type=\"section\">\n\t\t\t\t\t\t<div class=\"elementor-container elementor-column-gap-default\">\n\t\t\t\t\t<div class=\"elementor-column elementor-col-100 elementor-top-column elementor-element elementor-element-ba0d941\" data-id=\"ba0d941\" data-element_type=\"column\">\n\t\t\t<div class=\"elementor-widget-wrap elementor-element-populated\">\n\t\t\t\t\t\t\t\t<div class=\"elementor-element elementor-element-d595ece elementor-widget elementor-widget-image\" data-id=\"d595ece\" data-element_type=\"widget\" data-widget_type=\"image.default\">\n\t\t\t\t<div class=\"elementor-widget-container\">\n\t\t\t\t\t\t\t\t\t\t\t\t\t\t\t<img loading=\"lazy\" decoding=\"async\" width=\"640\" height=\"427\" src=\"https:\/\/jinshing.dk\/wp-content\/uploads\/2021\/06\/35432223_10156188290061343_6021500855721656320_n-1024x683.jpeg\" class=\"attachment-large size-large\" alt=\"\" srcset=\"https:\/\/jinshing.dk\/wp-content\/uploads\/2021\/06\/35432223_10156188290061343_6021500855721656320_n-1024x683.jpeg 1024w, https:\/\/jinshing.dk\/wp-content\/uploads\/2021\/06\/35432223_10156188290061343_6021500855721656320_n-300x200.jpeg 300w, https:\/\/jinshing.dk\/wp-content\/uploads\/2021\/06\/35432223_10156188290061343_6021500855721656320_n-768x512.jpeg 768w, https:\/\/jinshing.dk\/wp-content\/uploads\/2021\/06\/35432223_10156188290061343_6021500855721656320_n-1536x1024.jpeg 1536w, https:\/\/jinshing.dk\/wp-content\/uploads\/2021\/06\/35432223_10156188290061343_6021500855721656320_n-1568x1045.jpeg 1568w, https:\/\/jinshing.dk\/wp-content\/uploads\/2021\/06\/35432223_10156188290061343_6021500855721656320_n.jpeg 1920w\" sizes=\"auto, (max-width: 34.9rem) calc(100vw - 2rem), (max-width: 53rem) calc(8 * (100vw \/ 12)), (min-width: 53rem) calc(6 * (100vw \/ 12)), 100vw\" \/>\t\t\t\t\t\t\t\t\t\t\t\t\t\t\t<\/div>\n\t\t\t\t<\/div>\n\t\t\t\t<div class=\"elementor-element elementor-element-7bb3739 elementor-widget elementor-widget-text-editor\" data-id=\"7bb3739\" data-element_type=\"widget\" data-widget_type=\"text-editor.default\">\n\t\t\t\t<div class=\"elementor-widget-container\">\n\t\t\t\t\t\t\t\t<p>HISTORIEN STARTER I 1982&#8230;<\/p>\t\t\t\t\t\t<\/div>\n\t\t\t\t<\/div>\n\t\t\t\t<div class=\"elementor-element elementor-element-a104992 elementor-widget elementor-widget-text-editor\" data-id=\"a104992\" data-element_type=\"widget\" data-widget_type=\"text-editor.default\">\n\t\t\t\t<div class=\"elementor-widget-container\">\n\t\t\t\t\t\t\t\t<p>En vietnamesisk b\u00e5dflygtnings familie flytter til Danmark, og \u00e5bner en grillbar i N\u00f8rresundby. S\u00e5dan starter historien, n\u00e5r Hung Han Tang, ejer af Jin Shing, skal fort\u00e6lle om, hvordan hans burgerimperium startede.\u00a0<\/p><p>Nguu Tang, som er Hung H. Tangs far besluttede sig for at \u00e5bne en lille grillbar, og fandt et passende sted p\u00e5 Hj\u00f8rringvej i N\u00f8rresundby. Har har han fra 1982 til 2003 drevet en grillbar med masser af dansk grillmad og kinesiske specialiteter.\u00a0<\/p><p>Hung H. Tang overtog grillbaren i 2003, og har gennem tiden taget virksomheden til helt nye h\u00f8jder, hvor Jin Shing har tilbudt all-you-can-eat buffet, catering til st\u00f8rre arrangementer og fast levering af dressing og delikatesse mad til lokale supermarkeder.\u00a0<\/p>\t\t\t\t\t\t<\/div>\n\t\t\t\t<\/div>\n\t\t\t\t<div class=\"elementor-element elementor-element-82f4c8a elementor-widget elementor-widget-text-editor\" data-id=\"82f4c8a\" data-element_type=\"widget\" data-widget_type=\"text-editor.default\">\n\t\t\t\t<div class=\"elementor-widget-container\">\n\t\t\t\t\t\t\t\t<p>I 2013 mister vi Jin Shings grundl\u00e6gger til Kr\u00e6ften&#8230;<\/p>\t\t\t\t\t\t<\/div>\n\t\t\t\t<\/div>\n\t\t\t\t<div class=\"elementor-element elementor-element-cb4f257 elementor-widget elementor-widget-text-editor\" data-id=\"cb4f257\" data-element_type=\"widget\" data-widget_type=\"text-editor.default\">\n\t\t\t\t<div class=\"elementor-widget-container\">\n\t\t\t\t\t\t\t\t<p>&#8230;og derfor har Jin Shing hvert \u00e5r v\u00e6ret stolt sponsor af Kn\u00e6k Cancer, s\u00e5 vi sammen kan f\u00e5 kn\u00e6kket sygdommen.\u00a0<\/p><p>Vi opfordrer derfor alle kunder og venner til at st\u00f8tte den gode sag.<\/p>\t\t\t\t\t\t<\/div>\n\t\t\t\t<\/div>\n\t\t\t\t\t<\/div>\n\t\t<\/div>\n\t\t\t\t\t\t\t<\/div>\n\t\t<\/section>\n\t\t\t\t<section class=\"elementor-section elementor-top-section elementor-element elementor-element-4352400 elementor-section-boxed elementor-section-height-default elementor-section-height-default\" data-id=\"4352400\" data-element_type=\"section\">\n\t\t\t\t\t\t<div class=\"elementor-container elementor-column-gap-default\">\n\t\t\t\t\t<div class=\"elementor-column elementor-col-50 elementor-top-column elementor-element elementor-element-99bd96a\" data-id=\"99bd96a\" data-element_type=\"column\">\n\t\t\t<div class=\"elementor-widget-wrap elementor-element-populated\">\n\t\t\t\t\t\t\t\t<div class=\"elementor-element elementor-element-2250651 elementor-widget elementor-widget-image\" data-id=\"2250651\" data-element_type=\"widget\" data-widget_type=\"image.default\">\n\t\t\t\t<div class=\"elementor-widget-container\">\n\t\t\t\t\t\t\t\t\t\t\t\t\t\t\t<img loading=\"lazy\" decoding=\"async\" width=\"640\" height=\"640\" src=\"https:\/\/jinshing.dk\/wp-content\/uploads\/2021\/10\/31949496_10156094103671343_9037156651630592_n-e1633946037415-1024x1024.jpeg\" class=\"attachment-large size-large\" alt=\"\" srcset=\"https:\/\/jinshing.dk\/wp-content\/uploads\/2021\/10\/31949496_10156094103671343_9037156651630592_n-e1633946037415-1024x1024.jpeg 1024w, https:\/\/jinshing.dk\/wp-content\/uploads\/2021\/10\/31949496_10156094103671343_9037156651630592_n-e1633946037415-300x300.jpeg 300w, https:\/\/jinshing.dk\/wp-content\/uploads\/2021\/10\/31949496_10156094103671343_9037156651630592_n-e1633946037415-150x150.jpeg 150w, https:\/\/jinshing.dk\/wp-content\/uploads\/2021\/10\/31949496_10156094103671343_9037156651630592_n-e1633946037415-768x767.jpeg 768w, https:\/\/jinshing.dk\/wp-content\/uploads\/2021\/10\/31949496_10156094103671343_9037156651630592_n-e1633946037415.jpeg 1367w\" sizes=\"auto, (max-width: 34.9rem) calc(100vw - 2rem), (max-width: 53rem) calc(8 * (100vw \/ 12)), (min-width: 53rem) calc(6 * (100vw \/ 12)), 100vw\" \/>\t\t\t\t\t\t\t\t\t\t\t\t\t\t\t<\/div>\n\t\t\t\t<\/div>\n\t\t\t\t\t<\/div>\n\t\t<\/div>\n\t\t\t\t<div class=\"elementor-column elementor-col-50 elementor-top-column elementor-element elementor-element-32bb03d\" data-id=\"32bb03d\" data-element_type=\"column\">\n\t\t\t<div class=\"elementor-widget-wrap elementor-element-populated\">\n\t\t\t\t\t\t\t\t<div class=\"elementor-element elementor-element-3423af9 elementor-widget elementor-widget-image\" data-id=\"3423af9\" data-element_type=\"widget\" data-widget_type=\"image.default\">\n\t\t\t\t<div class=\"elementor-widget-container\">\n\t\t\t\t\t\t\t\t\t\t\t\t\t\t\t<img loading=\"lazy\" decoding=\"async\" width=\"640\" height=\"640\" src=\"https:\/\/jinshing.dk\/wp-content\/uploads\/2021\/10\/KC_Erhvervsdonor_IG_FB_Post-1024x1024.jpg\" class=\"attachment-large size-large\" alt=\"\" srcset=\"https:\/\/jinshing.dk\/wp-content\/uploads\/2021\/10\/KC_Erhvervsdonor_IG_FB_Post-1024x1024.jpg 1024w, https:\/\/jinshing.dk\/wp-content\/uploads\/2021\/10\/KC_Erhvervsdonor_IG_FB_Post-300x300.jpg 300w, https:\/\/jinshing.dk\/wp-content\/uploads\/2021\/10\/KC_Erhvervsdonor_IG_FB_Post-150x150.jpg 150w, https:\/\/jinshing.dk\/wp-content\/uploads\/2021\/10\/KC_Erhvervsdonor_IG_FB_Post-768x768.jpg 768w, https:\/\/jinshing.dk\/wp-content\/uploads\/2021\/10\/KC_Erhvervsdonor_IG_FB_Post.jpg 1080w\" sizes=\"auto, (max-width: 34.9rem) calc(100vw - 2rem), (max-width: 53rem) calc(8 * (100vw \/ 12)), (min-width: 53rem) calc(6 * (100vw \/ 12)), 100vw\" \/>\t\t\t\t\t\t\t\t\t\t\t\t\t\t\t<\/div>\n\t\t\t\t<\/div>\n\t\t\t\t\t<\/div>\n\t\t<\/div>\n\t\t\t\t\t\t\t<\/div>\n\t\t<\/section>\n\t\t\t\t\t\t<\/div>\n\t\t\t\t\t<\/div>\n\t\t","protected":false},"excerpt":{"rendered":"<p>HISTORIEN STARTER I 1982&#8230; En vietnamesisk b\u00e5dflygtnings familie flytter til Danmark, og \u00e5bner en grillbar i N\u00f8rresundby. S\u00e5dan starter historien, n\u00e5r Hung Han Tang, ejer af Jin Shing, skal fort\u00e6lle om, hvordan hans burgerimperium startede.\u00a0 Nguu Tang, som er Hung H. Tangs far besluttede sig for at \u00e5bne en lille grillbar, og fandt et passende &hellip; <\/p>\n<p class=\"link-more\"><a href=\"https:\/\/jinshing.dk\/index.php\/about-us\/\" class=\"more-link\">L\u00e6s videre<span class=\"screen-reader-text\"> &#8220;Om os&#8221;<\/span><\/a><\/p>\n","protected":false},"author":1,"featured_media":0,"parent":0,"menu_order":0,"comment_status":"closed","ping_status":"closed","template":"elementor_header_footer","meta":{"footnotes":""},"class_list":["post-20","page","type-page","status-publish","hentry","entry"],"_links":{"self":[{"href":"https:\/\/jinshing.dk\/index.php\/wp-json\/wp\/v2\/pages\/20","targetHints":{"allow":["GET"]}}],"collection":[{"href":"https:\/\/jinshing.dk\/index.php\/wp-json\/wp\/v2\/pages"}],"about":[{"href":"https:\/\/jinshing.dk\/index.php\/wp-json\/wp\/v2\/types\/page"}],"author":[{"embeddable":true,"href":"https:\/\/jinshing.dk\/index.php\/wp-json\/wp\/v2\/users\/1"}],"replies":[{"embeddable":true,"href":"https:\/\/jinshing.dk\/index.php\/wp-json\/wp\/v2\/comments?post=20"}],"version-history":[{"count":14,"href":"https:\/\/jinshing.dk\/index.php\/wp-json\/wp\/v2\/pages\/20\/revisions"}],"predecessor-version":[{"id":292,"href":"https:\/\/jinshing.dk\/index.php\/wp-json\/wp\/v2\/pages\/20\/revisions\/292"}],"wp:attachment":[{"href":"https:\/\/jinshing.dk\/index.php\/wp-json\/wp\/v2\/media?parent=20"}],"curies":[{"name":"wp","href":"https:\/\/api.w.org\/{rel}","templated":true}]}}